{"id":9962,"date":"2025-06-05T13:05:24","date_gmt":"2025-06-05T10:05:24","guid":{"rendered":"https:\/\/dev.proconsultancies.com\/unser-unternehmen\/"},"modified":"2025-08-09T12:34:15","modified_gmt":"2025-08-09T09:34:15","slug":"unser-unternehmen","status":"publish","type":"page","link":"https:\/\/proconsultancies.com\/de\/unser-unternehmen\/","title":{"rendered":"Unser Unternehmen"},"content":{"rendered":"\t\t<div data-elementor-type=\"wp-page\" data-elementor-id=\"9962\" class=\"elementor elementor-9962 elementor-6442\">\n\t\t\t\t\t\t<section class=\"elementor-section elementor-top-section elementor-element elementor-element-0a7202d elementor-section-boxed elementor-section-height-default elementor-section-height-default\" data-id=\"0a7202d\" data-element_type=\"section\">\n\t\t\t\t\t\t<div class=\"elementor-container elementor-column-gap-default\">\n\t\t\t\t\t<div class=\"elementor-column elementor-col-50 elementor-top-column elementor-element elementor-element-55138ff\" data-id=\"55138ff\" data-element_type=\"column\">\n\t\t\t<div class=\"elementor-widget-wrap elementor-element-populated\">\n\t\t\t\t\t\t<div class=\"elementor-element elementor-element-5d44b56 elementor-invisible elementor-widget elementor-widget-creote-title-v1\" data-id=\"5d44b56\" data-element_type=\"widget\" data-settings=\"{&quot;_animation&quot;:&quot;fadeInUp&quot;}\" data-widget_type=\"creote-title-v1.default\">\n\t\t\t\t<div class=\"elementor-widget-container\">\n\t\t\t\t\t<div class=\"title_all_box style_one dark_color\">\r\n            <!-- Default title style -->\r\n        <div class=\"title_sections left\">\r\n                            <div class=\"before_title\">\r\n                    Wer Wir Sind                <\/div>\r\n                                        <div class=\"title\">\r\n                    Seit 1982 an Ihrer Seite \u2013 mit Zuverl\u00e4ssigkeit und Professionalit\u00e4t                <\/div>\r\n                                <\/div>\r\n        <!-- End of default title style -->\r\n\r\n    <\/div>\r\n\t\t\t\t<\/div>\n\t\t\t\t<\/div>\n\t\t\t\t<div class=\"elementor-element elementor-element-d1c92db elementor-invisible elementor-widget elementor-widget-creote-description-v1\" data-id=\"d1c92db\" data-element_type=\"widget\" data-settings=\"{&quot;_animation&quot;:&quot;fadeInUp&quot;}\" data-widget_type=\"creote-description-v1.default\">\n\t\t\t\t<div class=\"elementor-widget-container\">\n\t\t\t\t\t<div class=\"description_box\" >  <p>Unser Unternehmen steht unter der Leitung der Wirtschaftsexperten und Steuerberater Fotios und Polyvios Aliferis und ist seit Jahren verl\u00e4sslich, verantwortungsbewusst und fachkundig im Bereich der Finanzdienstleistungen t\u00e4tig. Mit einer kontinuierlich wachsenden Pr\u00e4senz in der Finanzbranche bieten wir umfassende Buchhaltungs-, Steuer- und Beratungsleistungen an, die die Bed\u00fcrfnisse von Unternehmen ebenso wie von Privatpersonen vollst\u00e4ndig abdecken.<\/p> <\/div>\r\n\t\t\t\t<\/div>\n\t\t\t\t<\/div>\n\t\t\t\t<section class=\"elementor-section elementor-inner-section elementor-element elementor-element-971e1fd elementor-section-full_width elementor-hidden-desktop elementor-hidden-tablet elementor-hidden-mobile elementor-section-height-default elementor-section-height-default\" data-id=\"971e1fd\" data-element_type=\"section\">\n\t\t\t\t\t\t<div class=\"elementor-container elementor-column-gap-no\">\n\t\t\t\t\t<div class=\"elementor-column elementor-col-50 elementor-inner-column elementor-element elementor-element-de1c0b3\" data-id=\"de1c0b3\" data-element_type=\"column\">\n\t\t\t<div class=\"elementor-widget-wrap elementor-element-populated\">\n\t\t\t\t\t\t<div class=\"elementor-element elementor-element-3c3b7fe elementor-widget elementor-widget-creote-iconbox-v1\" data-id=\"3c3b7fe\" data-element_type=\"widget\" data-widget_type=\"creote-iconbox-v1.default\">\n\t\t\t\t<div class=\"elementor-widget-container\">\n\t\t\t\t\t<div class=\"icon_box_all style_two\" \r\n     \r\n        data-aos=\"fade-up\" data-aos-delay=\"0\" data-aos-offset=\"0\" \r\n    >\r\n\r\n            <div class=\"icon_content  icon_imgs \">\r\n                            <div class=\"icon\">\r\n                    <img decoding=\"async\" src=\"https:\/\/themepanthers.com\/wp\/creote\/v-new\/wp-content\/uploads\/2021\/10\/icon-img-n-1.png\" class=\"img-fluid svg_image\" alt=\"\" \/>\r\n                <\/div>\r\n                        <div class=\"txt_content\">\r\n                                  <h2 class=\"icontitle\">\r\n                                                    <a href=\"#\"  target=&quot;_blank&quot;  rel=&quot;nofollow&quot;>\r\n                                Tailored Advice &amp;\nSupport                            <\/a>\r\n                                         <\/h2>\r\n                                            <\/div>\r\n        <\/div>\r\n\r\n    <\/div>\r\n\t\t\t\t<\/div>\n\t\t\t\t<\/div>\n\t\t\t\t\t<\/div>\n\t\t<\/div>\n\t\t\t\t<div class=\"elementor-column elementor-col-50 elementor-inner-column elementor-element elementor-element-15439eb\" data-id=\"15439eb\" data-element_type=\"column\">\n\t\t\t<div class=\"elementor-widget-wrap elementor-element-populated\">\n\t\t\t\t\t\t<div class=\"elementor-element elementor-element-18ba6c6 elementor-widget elementor-widget-creote-iconbox-v1\" data-id=\"18ba6c6\" data-element_type=\"widget\" data-widget_type=\"creote-iconbox-v1.default\">\n\t\t\t\t<div class=\"elementor-widget-container\">\n\t\t\t\t\t<div class=\"icon_box_all style_two\" \r\n     \r\n        data-aos=\"fade-up\" data-aos-delay=\"0\" data-aos-offset=\"0\" \r\n    >\r\n\r\n            <div class=\"icon_content  icon_imgs \">\r\n                            <div class=\"icon\">\r\n                    <img decoding=\"async\" src=\"https:\/\/themepanthers.com\/wp\/creote\/v-new\/wp-content\/uploads\/2021\/10\/icon-img-n-2.png\" class=\"img-fluid svg_image\" alt=\"\" \/>\r\n                <\/div>\r\n                        <div class=\"txt_content\">\r\n                                  <h2 class=\"icontitle\">\r\n                                                    <a href=\"#\"  target=&quot;_blank&quot;  rel=&quot;nofollow&quot;>\r\n                                Flexible Company\nPolicies                            <\/a>\r\n                                         <\/h2>\r\n                                            <\/div>\r\n        <\/div>\r\n\r\n    <\/div>\r\n\t\t\t\t<\/div>\n\t\t\t\t<\/div>\n\t\t\t\t\t<\/div>\n\t\t<\/div>\n\t\t\t\t\t<\/div>\n\t\t<\/section>\n\t\t\t\t<div class=\"elementor-element elementor-element-3327177 elementor-hidden-desktop elementor-hidden-tablet elementor-hidden-mobile elementor-widget elementor-widget-creote-themebtns-v1\" data-id=\"3327177\" data-element_type=\"widget\" data-widget_type=\"creote-themebtns-v1.default\">\n\t\t\t\t<div class=\"elementor-widget-container\">\n\t\t\t\t\t<div class=\"theme_btn_all color_one\">  <a href=\"#\"  target=&quot;_blank&quot;  rel=&quot;nofollow&quot; class=\"theme-btn one\"> Our Services <\/a> <\/div>\r\n\t\t\t\t<\/div>\n\t\t\t\t<\/div>\n\t\t\t\t\t<\/div>\n\t\t<\/div>\n\t\t\t\t<div class=\"elementor-column elementor-col-50 elementor-top-column elementor-element elementor-element-bfd1edc elementor-invisible\" data-id=\"bfd1edc\" data-element_type=\"column\" data-settings=\"{&quot;animation&quot;:&quot;fadeIn&quot;}\">\n\t\t\t<div class=\"elementor-widget-wrap elementor-element-populated\">\n\t\t\t\t\t\t<div class=\"elementor-element elementor-element-a9fb537 elementor-widget elementor-widget-creote-image-box-v1\" data-id=\"a9fb537\" data-element_type=\"widget\" data-widget_type=\"creote-image-box-v1.default\">\n\t\t\t\t<div class=\"elementor-widget-container\">\n\t\t\t\t\t<div class=\"image_boxes style_two\" >  <img decoding=\"async\" src=\"https:\/\/proconsultancies.com\/wp-content\/plugins\/creote-addons\/\/assets\/images\/shape-1.png\" class=\"background_image\" alt=\"image\" \/>   <div class=\"image one\"> <img decoding=\"async\" src=\"https:\/\/proconsultancies.com\/wp-content\/uploads\/2025\/06\/about-us-01.jpg\" class=\"img-fluid\" alt=\"image\" \/> <\/div>   <div class=\"image two\"> <img decoding=\"async\" src=\"https:\/\/themepanthers.com\/wp\/creote\/v-new\/wp-content\/uploads\/2021\/10\/about-us-2-min.png\" class=\"img\" alt=\"image\" \/>  <\/div>   <div class=\"authour_quotes\"> <i class=\"icon-quote\"><\/i> <h6> M\u00e4rkte f\u00fchren nicht automatisch zu Effizienz.<\/h6> <p> \/  Joseph Stiglitz<\/p> <\/div> <\/div> \r\n\t\t\t\t<\/div>\n\t\t\t\t<\/div>\n\t\t\t\t\t<\/div>\n\t\t<\/div>\n\t\t\t\t\t<\/div>\n\t\t<\/section>\n\t\t\t\t<section class=\"elementor-section elementor-top-section elementor-element elementor-element-562b721 elementor-section-boxed elementor-section-height-default elementor-section-height-default\" data-id=\"562b721\" data-element_type=\"section\" data-settings=\"{&quot;background_background&quot;:&quot;classic&quot;}\">\n\t\t\t\t\t\t<div class=\"elementor-container elementor-column-gap-default\">\n\t\t\t\t\t<div class=\"elementor-column elementor-col-100 elementor-top-column elementor-element elementor-element-8e9c1fb\" data-id=\"8e9c1fb\" data-element_type=\"column\">\n\t\t\t<div class=\"elementor-widget-wrap elementor-element-populated\">\n\t\t\t\t\t\t<div class=\"elementor-element elementor-element-1e9f9ad elementor-invisible elementor-widget elementor-widget-creote-title-v1\" data-id=\"1e9f9ad\" data-element_type=\"widget\" data-settings=\"{&quot;_animation&quot;:&quot;fadeInUp&quot;}\" data-widget_type=\"creote-title-v1.default\">\n\t\t\t\t<div class=\"elementor-widget-container\">\n\t\t\t\t\t<div class=\"title_all_box style_one dark_color\">\r\n            <!-- Default title style -->\r\n        <div class=\"title_sections center\">\r\n                            <div class=\"before_title\">\r\n                    ProConsultancies                <\/div>\r\n                                        <div class=\"title\">\r\n                    An Ihrer Seite \u2013 mit Klarheit und Best\u00e4ndigkeit                <\/div>\r\n                                <\/div>\r\n        <!-- End of default title style -->\r\n\r\n    <\/div>\r\n\t\t\t\t<\/div>\n\t\t\t\t<\/div>\n\t\t\t\t<section class=\"elementor-section elementor-inner-section elementor-element elementor-element-f45a3d5 elementor-section-full_width elementor-section-height-default elementor-section-height-default\" data-id=\"f45a3d5\" data-element_type=\"section\">\n\t\t\t\t\t\t<div class=\"elementor-container elementor-column-gap-default\">\n\t\t\t\t\t<div class=\"elementor-column elementor-col-33 elementor-inner-column elementor-element elementor-element-7407516\" data-id=\"7407516\" data-element_type=\"column\">\n\t\t\t<div class=\"elementor-widget-wrap elementor-element-populated\">\n\t\t\t\t\t\t<div class=\"elementor-element elementor-element-1647ff2 elementor-widget elementor-widget-creote-simple-image-box-v1\" data-id=\"1647ff2\" data-element_type=\"widget\" data-widget_type=\"creote-simple-image-box-v1.default\">\n\t\t\t\t<div class=\"elementor-widget-container\">\n\t\t\t\t\t<div class=\"simple_image_boxes  parallax_cover\"   data-aos=\"fade-up\" data-aos-delay=\"0\"  data-aos-offset=\"0\" >\r\n   <img decoding=\"async\" src=\"https:\/\/themepanthers.com\/wp\/creote\/v-new\/wp-content\/uploads\/2021\/10\/icon-img-ab-1.jpg\" class=\"simp_img cover-parallax\" alt=\"\" \/>\r\n<\/div>\r\n\t\t\t\t<\/div>\n\t\t\t\t<\/div>\n\t\t\t\t<div class=\"elementor-element elementor-element-131218e elementor-widget elementor-widget-creote-iconbox-v1\" data-id=\"131218e\" data-element_type=\"widget\" data-widget_type=\"creote-iconbox-v1.default\">\n\t\t\t\t<div class=\"elementor-widget-container\">\n\t\t\t\t\t<div class=\"icon_box_all style_three\" \r\n     \r\n        data-aos=\"fade-up\" data-aos-delay=\"0\" data-aos-offset=\"0\" \r\n    >\r\n\r\n            <div class=\"icon_content \">\r\n                            <div class=\"icon\">\r\n                    <span class=\" icon-bow-and-arrow\"><\/span>\r\n                <\/div>\r\n                        <div class=\"txt_content\">\r\n                                  <h2 class=\"icontitle\">\r\n                                              <a href=\"#\"  target=&quot;_blank&quot;  rel=&quot;nofollow&quot;>\r\n                                Unser Ziel                            <\/a>\r\n                                                <\/h2>\r\n                                                    <p>\r\n                        Unser Ziel ist es, ma\u00dfgeschneiderte L\u00f6sungen anzubieten, die Ihren Bed\u00fcrfnissen entsprechen und die Effizienz sowie die Einhaltung gesetzlicher Vorgaben in jeder Phase Ihrer gesch\u00e4ftlichen Entwicklung f\u00f6rdern.<br><br><br><br><br>                    <\/p>\r\n                                                            <\/div>\r\n        <\/div>\r\n\r\n    <\/div>\r\n\t\t\t\t<\/div>\n\t\t\t\t<\/div>\n\t\t\t\t\t<\/div>\n\t\t<\/div>\n\t\t\t\t<div class=\"elementor-column elementor-col-33 elementor-inner-column elementor-element elementor-element-7f5deaf\" data-id=\"7f5deaf\" data-element_type=\"column\">\n\t\t\t<div class=\"elementor-widget-wrap elementor-element-populated\">\n\t\t\t\t\t\t<div class=\"elementor-element elementor-element-0aa37ac elementor-widget elementor-widget-creote-iconbox-v1\" data-id=\"0aa37ac\" data-element_type=\"widget\" data-widget_type=\"creote-iconbox-v1.default\">\n\t\t\t\t<div class=\"elementor-widget-container\">\n\t\t\t\t\t<div class=\"icon_box_all style_three\" \r\n     \r\n        data-aos=\"fade-up\" data-aos-delay=\"0\" data-aos-offset=\"0\" \r\n    >\r\n\r\n            <div class=\"icon_content \">\r\n                            <div class=\"icon\">\r\n                    <span class=\" icon-growth\"><\/span>\r\n                <\/div>\r\n                        <div class=\"txt_content\">\r\n                                  <h2 class=\"icontitle\">\r\n                                              <a href=\"#\"  target=&quot;_blank&quot;  rel=&quot;nofollow&quot;>\r\n                                Unsere Werte                            <\/a>\r\n                                                <\/h2>\r\n                                                                    <ul>\r\n                                                    <li>\r\n                                <strong>Zuverl\u00e4ssigkeit &amp; Transparenz:<\/strong><br><p style=\"margin-bottom:20px\"> Wir bauen vertrauensvolle Beziehungen zu unseren Kunden auf.<\/p>                            <\/li>\r\n                                                    <li>\r\n                                <strong>Struktur &amp; Fachwissen:<\/strong> <p style=\"margin-bottom:20px\"> Wir arbeiten methodisch und setzen moderne Werkzeuge gezielt ein.<\/p>                            <\/li>\r\n                                                    <li>\r\n                                <strong>Vertraulichkeit &amp; Professionalit\u00e4t:<\/strong><p style=\"margin-bottom:20px\"> Wir behandeln jedes Anliegen verantwortungsbewusst und absolut diskret.<\/p>                            <\/li>\r\n                                                    <li>\r\n                                <strong>Kontinuierliche Unterst\u00fctzung:<\/strong> <p style=\"margin-bottom:20px\"> Wir stehen Ihnen jederzeit zur Seite \u2013 mit schneller Reaktion und kompetenter Beratung.<\/p>                            <\/li>\r\n                                            <\/ul>\r\n                                            <\/div>\r\n        <\/div>\r\n\r\n    <\/div>\r\n\t\t\t\t<\/div>\n\t\t\t\t<\/div>\n\t\t\t\t\t<\/div>\n\t\t<\/div>\n\t\t\t\t<div class=\"elementor-column elementor-col-33 elementor-inner-column elementor-element elementor-element-865545e\" data-id=\"865545e\" data-element_type=\"column\">\n\t\t\t<div class=\"elementor-widget-wrap elementor-element-populated\">\n\t\t\t\t\t\t<div class=\"elementor-element elementor-element-8e64dc0 elementor-widget elementor-widget-creote-iconbox-v1\" data-id=\"8e64dc0\" data-element_type=\"widget\" data-widget_type=\"creote-iconbox-v1.default\">\n\t\t\t\t<div class=\"elementor-widget-container\">\n\t\t\t\t\t<div class=\"icon_box_all style_three\" \r\n     \r\n        data-aos=\"fade-up\" data-aos-delay=\"0\" data-aos-offset=\"0\" \r\n    >\r\n\r\n            <div class=\"icon_content \">\r\n                            <div class=\"icon\">\r\n                    <span class=\" icon-binoculars\"><\/span>\r\n                <\/div>\r\n                        <div class=\"txt_content\">\r\n                                  <h2 class=\"icontitle\">\r\n                                              <a href=\"#\"  target=&quot;_blank&quot;  rel=&quot;nofollow&quot;>\r\n                                Vision                            <\/a>\r\n                                                <\/h2>\r\n                                                    <p>\r\n                        Mit dem Menschen im Mittelpunkt bauen wir unsere Zusammenarbeit mit unseren Kunden aus \u2013 durch vertrauensvolle und verst\u00e4ndnisvolle Beziehungen, mit dem Ziel, den optimalen Betrieb Ihres Unternehmens zu unterst\u00fctzen.<br><br><br><br>                    <\/p>\r\n                                                            <\/div>\r\n        <\/div>\r\n\r\n    <\/div>\r\n\t\t\t\t<\/div>\n\t\t\t\t<\/div>\n\t\t\t\t<div class=\"elementor-element elementor-element-2b683a4 elementor-widget elementor-widget-creote-simple-image-box-v1\" data-id=\"2b683a4\" data-element_type=\"widget\" data-widget_type=\"creote-simple-image-box-v1.default\">\n\t\t\t\t<div class=\"elementor-widget-container\">\n\t\t\t\t\t<div class=\"simple_image_boxes  parallax_cover\"   data-aos=\"fade-up\" data-aos-delay=\"0\"  data-aos-offset=\"0\" >\r\n   <img decoding=\"async\" src=\"https:\/\/proconsultancies.com\/wp-content\/uploads\/2025\/06\/vision-about.jpg\" class=\"simp_img cover-parallax\" alt=\"\" \/>\r\n<\/div>\r\n\t\t\t\t<\/div>\n\t\t\t\t<\/div>\n\t\t\t\t\t<\/div>\n\t\t<\/div>\n\t\t\t\t\t<\/div>\n\t\t<\/section>\n\t\t\t\t\t<\/div>\n\t\t<\/div>\n\t\t\t\t\t<\/div>\n\t\t<\/section>\n\t\t\t\t<section class=\"elementor-section elementor-top-section elementor-element elementor-element-6fe051e elementor-section-boxed elementor-section-height-default elementor-section-height-default\" data-id=\"6fe051e\" data-element_type=\"section\" data-settings=\"{&quot;background_background&quot;:&quot;classic&quot;,&quot;animation&quot;:&quot;none&quot;}\">\n\t\t\t\t\t\t<div class=\"elementor-container elementor-column-gap-default\">\n\t\t\t\t\t<div class=\"elementor-column elementor-col-100 elementor-top-column elementor-element elementor-element-025e570\" data-id=\"025e570\" data-element_type=\"column\">\n\t\t\t<div class=\"elementor-widget-wrap elementor-element-populated\">\n\t\t\t\t\t\t<div class=\"elementor-element elementor-element-7c534a2 elementor-widget elementor-widget-creote-title-v1\" data-id=\"7c534a2\" data-element_type=\"widget\" data-widget_type=\"creote-title-v1.default\">\n\t\t\t\t<div class=\"elementor-widget-container\">\n\t\t\t\t\t<div class=\"title_all_box style_one light_color\">\r\n            <!-- Default title style -->\r\n        <div class=\"title_sections center\">\r\n                            <div class=\"before_title\">\r\n                    KARRIERE                <\/div>\r\n                                        <div class=\"title\">\r\n                    Arbeiten Sie mit uns.                <\/div>\r\n                                        <p>Bei ProConsultancies, einem unternehmen mit ausgepr\u00e4gter Teamkultur, hat die Suche nach engagierten Pers\u00f6nlichkeiten mit beruflichen Ambitionen stets oberste Priorit\u00e4t.<\/p>\r\n                    <\/div>\r\n        <!-- End of default title style -->\r\n\r\n    <\/div>\r\n\t\t\t\t<\/div>\n\t\t\t\t<\/div>\n\t\t\t\t<div class=\"elementor-element elementor-element-b2be9f9 elementor-widget elementor-widget-creote-themebtns-v1\" data-id=\"b2be9f9\" data-element_type=\"widget\" data-widget_type=\"creote-themebtns-v1.default\">\n\t\t\t\t<div class=\"elementor-widget-container\">\n\t\t\t\t\t<div class=\"theme_btn_all color_one\">  <a href=\"https:\/\/proconsultancies.com\/de\/work-with-us\/\"  target=&quot;_blank&quot;  rel=&quot;nofollow&quot; class=\"theme-btn one\"> Kontakt <\/a> <\/div>\r\n\t\t\t\t<\/div>\n\t\t\t\t<\/div>\n\t\t\t\t\t<\/div>\n\t\t<\/div>\n\t\t\t\t\t<\/div>\n\t\t<\/section>\n\t\t\t\t<\/div>\n\t\t","protected":false},"excerpt":{"rendered":"<p>Wer Wir Sind Seit 1982 an Ihrer Seite \u2013 mit Zuverl\u00e4ssigkeit und Professionalit\u00e4t Unser Unternehmen steht unter der Leitung der Wirtschaftsexperten und Steuerberater Fotios und Polyvios Aliferis und ist seit Jahren verl\u00e4sslich, verantwortungsbewusst und fachkundig im Bereich der Finanzdienstleistungen t\u00e4tig. Mit einer kontinuierlich wachsenden Pr\u00e4senz in der Finanzbranche bieten wir umfassende Buchhaltungs-, Steuer- und Beratungsleistungen [&hellip;]<\/p>\n","protected":false},"author":1,"featured_media":0,"parent":0,"menu_order":0,"comment_status":"closed","ping_status":"closed","template":"template-fullwidth.php","meta":{"footnotes":""},"class_list":["post-9962","page","type-page","status-publish","hentry"],"_links":{"self":[{"href":"https:\/\/proconsultancies.com\/de\/wp-json\/wp\/v2\/pages\/9962","targetHints":{"allow":["GET"]}}],"collection":[{"href":"https:\/\/proconsultancies.com\/de\/wp-json\/wp\/v2\/pages"}],"about":[{"href":"https:\/\/proconsultancies.com\/de\/wp-json\/wp\/v2\/types\/page"}],"author":[{"embeddable":true,"href":"https:\/\/proconsultancies.com\/de\/wp-json\/wp\/v2\/users\/1"}],"replies":[{"embeddable":true,"href":"https:\/\/proconsultancies.com\/de\/wp-json\/wp\/v2\/comments?post=9962"}],"version-history":[{"count":13,"href":"https:\/\/proconsultancies.com\/de\/wp-json\/wp\/v2\/pages\/9962\/revisions"}],"predecessor-version":[{"id":10512,"href":"https:\/\/proconsultancies.com\/de\/wp-json\/wp\/v2\/pages\/9962\/revisions\/10512"}],"wp:attachment":[{"href":"https:\/\/proconsultancies.com\/de\/wp-json\/wp\/v2\/media?parent=9962"}],"curies":[{"name":"wp","href":"https:\/\/api.w.org\/{rel}","templated":true}]}}